
{"id":8,"date":"2024-01-03T20:50:36","date_gmt":"2024-01-03T20:50:36","guid":{"rendered":"https:\/\/tkm-mobilna-sluza.sowiak.dev\/?page_id=8"},"modified":"2024-01-08T17:07:11","modified_gmt":"2024-01-08T17:07:11","slug":"strona-glowna","status":"publish","type":"page","link":"https:\/\/tkm-mobilna-sluza.sowiak.dev\/","title":{"rendered":"Strona g\u0142\u00f3wna"},"content":{"rendered":"<div class=\"header-main bg-white\">\n    <div class=\"max-width\">\n        <div class=\"container-xl container-wrapper\">\n            <div class=\"row design\">\n                <div class=\"col-md-6 wrapper text-position\">   \n                    <div class=\"block-1\">\n                        <div class=\"header\">\n                            <h1>Zadbaj o bezpiecze\u0144stwo pacjent\u00f3w i personelu medycznego!<\/h1>\n                        <\/div>\n                    <\/div>\n                <\/div>\n                <div class=\"col-md-6 wrapper\">\n                    <div class=\"image\">\n                        <img decoding=\"async\" src=\"https:\/\/tkm-mobilna-sluza.sowiak.dev\/wp-content\/uploads\/2024\/01\/Group-1144.png\" \/>\n                    <\/div>\n                <\/div>\n            <\/div>\n        <\/div>\n    <\/div>\n<\/div>\n\n\n\n<div class=\"text-block bg-white\">\n    <div class=\"max-width\">\n        <div class=\"container-xl container-wrapper\">\n            <div class=\"row design\">\n                <div class=\"col-md-6 wrapper text-position bg-yellow\">   \n                    <div class=\"text-1\">\n                        <div class=\"header\">\n                            <p>Pacjenci zaka\u017ceni trudnymi do leczenia drobnoustrojami wymagaj\u0105 izolacji. Szpital powinien by\u0107 gotowy na sprawne przeorganizowanie przestrzeni, tak, aby zachowa\u0107 bezpiecze\u0144stwo pacjent\u00f3w oraz personelu szpitala.<\/p>\n                        <\/div>\n                    <\/div>\n                <\/div>\n                <div class=\"col-md-6 wrapper\">\n                    <div class=\"text-2\">\n                        <p><strong>Mobilna \u015bluza<\/strong> podnosi poziom bezpiecze\u0144stwa pacjent\u00f3w oraz personelu szpitala. To praktyczne rozwi\u0105zanie, kt\u00f3re mo\u017cna dostosowa\u0107 do ka\u017cdych warunk\u00f3w obiektu szpitalnego, poniewa\u017c jest mobilne i mo\u017cna je u\u017cywa\u0107 w zale\u017cno\u015bci od sytuacji.<\/p>\n                    <\/div>\n                <\/div>\n            <\/div>\n        <\/div>\n    <\/div>\n<\/div>\n\n\n\n<div class=\"benefits bg-white\">\n    <div class=\"max-width\">\n        <div class=\"container-xl container-wrapper\">\n            <div class=\"row design\">\n                <div class=\"col-md-12 wrapper\">   \n                    <div class=\"header-text\">\n                        <h2>KORZY\u015aCI<br \/>\nI MO\u017bLIWO\u015aCI<\/h2>\n                    <\/div>\n                <\/div>\n            <\/div>\n            <div class=\"row design\">\n                <div class=\"col-md-7 wrapper height-slider swiper mySwiper\">\n                    <div class=\"block-wrapper-element swiper-wrapper\" id=\"slide-set\">\n                                                                                    <div class=\"block swiper-slide slide\">\n                                    <img decoding=\"async\" src=\"https:\/\/tkm-mobilna-sluza.sowiak.dev\/wp-content\/uploads\/2024\/01\/Group-1111.png\" \/>\n                                <\/div>\n                                                            <div class=\"block swiper-slide slide\">\n                                    <img decoding=\"async\" src=\"https:\/\/tkm-mobilna-sluza.sowiak.dev\/wp-content\/uploads\/2024\/01\/Group-1109.png\" \/>\n                                <\/div>\n                                                            <div class=\"block swiper-slide slide\">\n                                    <img decoding=\"async\" src=\"https:\/\/tkm-mobilna-sluza.sowiak.dev\/wp-content\/uploads\/2024\/01\/Group-1110.png\" \/>\n                                <\/div>\n                                                                        <\/div>\n                <\/div>\n                <div class=\"col-md-5 wrapper\">   \n                    <div class=\"right-text\">\n                                                                                    <div class=\"block\">\n                                    <div class=\"flex-wrapper\">\n                                        <div class=\"number\">\n                                            <p><strong>01<\/strong><\/p>\n                                        <\/div>\n                                        <div class=\"bottom-line\"><\/div>\n                                    <\/div>\n                                    <div class=\"text-under\">\n                                        <p><strong>Automatyczne dopasowanie<\/strong> do r\u00f3\u017cnych rozstaw\u00f3w \u015bcian i wysoko\u015bci sufitu i pompowane uszczelnienie.<\/p>\n                                    <\/div>\n                                <\/div>\n                                                            <div class=\"block\">\n                                    <div class=\"flex-wrapper\">\n                                        <div class=\"number\">\n                                            <p><strong>02<\/strong><\/p>\n                                        <\/div>\n                                        <div class=\"bottom-line\"><\/div>\n                                    <\/div>\n                                    <div class=\"text-under\">\n                                        <p><strong>Szybkie z\u0142o\u017cenie<\/strong> do wymiar\u00f3w umo\u017cliwiaj\u0105c transport korytarzem i wind\u0105 szpitaln\u0105.<\/p>\n                                    <\/div>\n                                <\/div>\n                                                            <div class=\"block\">\n                                    <div class=\"flex-wrapper\">\n                                        <div class=\"number\">\n                                            <p><strong>03<\/strong><\/p>\n                                        <\/div>\n                                        <div class=\"bottom-line\"><\/div>\n                                    <\/div>\n                                    <div class=\"text-under\">\n                                        <p><strong>\u0141atwy i bezpieczny transport<\/strong> dzi\u0119ki du\u017cej \u015brednicy k\u00f3\u0142, niskiego po\u0142o\u017cenia \u015brodka ci\u0119\u017cko\u015bci.<\/p>\n                                    <\/div>\n                                <\/div>\n                                                                        <\/div>\n                <\/div>\n            <\/div>\n        <\/div>\n    <\/div>\n<\/div>\n\n\n\n\n<div class=\"who bg-yellow\">\n    <div class=\"max-width\">\n        <div class=\"container-xl container-wrapper\">\n            <div class=\"row design\">\n                <div class=\"col-md-12 wrapper\">   \n                    <div class=\"header-text\">\n                        <h2>DLA KOGO?<\/h2>\n                    <\/div>\n                <\/div>\n            <\/div>\n            <div class=\"row design\">\n                <div class=\"col-md-12 wrapper\">\n                    <div class=\"block-wrapper-element\">\n                                                                                    <div class=\"block\">\n                                    <h3>Szpitale<br \/>\npowiatowe<\/h3>\n                                <\/div>\n                                                            <div class=\"block\">\n                                    <h3>Szpitale<br \/>\nwojew\u00f3dzkie<\/h3>\n                                <\/div>\n                                                            <div class=\"block\">\n                                    <h3>Szpitale<br \/>\nkliniczne<\/h3>\n                                <\/div>\n                                                                        <\/div>\n                <\/div>\n            <\/div>\n        <\/div>\n    <\/div>\n<\/div>\n\n<div class=\"components bg-white\">\n    <div class=\"max-width\">\n        <div class=\"container-xl container-wrapper\">\n            <div class=\"row design\">\n                <div class=\"col-md-4 wrapper padding-right\">\n                    <div class=\"text-wrapper\">\n                        <h2>KOMPONENTY<\/h2>\n<p>Jako\u015b\u0107 urz\u0105dzenia jest sum\u0105 precyzyjnie dobranych komponent\u00f3w, kt\u00f3re razem tworz\u0105 wyj\u0105tkow\u0105 jako\u015b\u0107 i ca\u0142o\u015b\u0107.<\/p>\n                    <\/div>   \n                <\/div>\n                <div class=\"col-md-7 wrapper padding-left offset-lg-1\">\n                    <div class=\"text\">\n                        <img decoding=\"async\" src=\"https:\/\/tkm-mobilna-sluza.sowiak.dev\/wp-content\/uploads\/2024\/01\/Group-1145.png\" \/>\n                    <\/div>\n                <\/div>\n            <\/div>\n        <\/div>\n    <\/div>\n<\/div>\n\n<div class=\"tests bg-shadow\">\n    <div class=\"max-width\">\n        <div class=\"container-xl container-wrapper\">\n            <div class=\"row design\">\n                <div class=\"col-lg-6 wrapper padding-right\">\n                    <div class=\"text-wrapper\">\n                        <img decoding=\"async\" src=\"https:\/\/tkm-mobilna-sluza.sowiak.dev\/wp-content\/uploads\/2024\/01\/Group-1146.png\" \/>\n                    <\/div>   \n                <\/div>\n                <div class=\"col-lg-6 wrapper padding-left\">\n                    <div class=\"text-wrap\">\n                        <h2>BADANIA<\/h2>\n<p>Wst\u0119pne wytypowanie 3 szczep\u00f3w bakteryjnych oraz 3 bakteriofag\u00f3w (Micrococus luteus ATCC 7468, Escherichia coli ATCC 26922, Staphylococcus aureus ATCC 6538 P oraz bakteriofagi phi6, phiX174 oraz T4).<\/p>\n<p>Okre\u015blenie dla powy\u017cszych wzrostu na po\u017cywkach sta\u0142ych, prze\u017cywalno\u015bci w roztworze fizjologicznym \/ bulionie do nebulizacji, w syntetycznej \u015blin\u0119 (Sigma-Aldrich) oraz w powietrzu.<\/p>\n<p>Dob\u00f3r parametr\u00f3w nebulizacji wytypowanych szczep\u00f3w bakteryjnych oraz bakteriofag\u00f3w przy pomocy nebulizatora 6 Jet Collison firmy CH Technologies (parametry aerozolu: MMAD 2,5 \u03bcm i GSD 1,8), pr\u00f3bki powietrza pobierane impaktorem SAS Super Isolator (VWR) metod\u0105 zderzeniow\u0105 na pod\u0142o\u017ca, kt\u00f3re nast\u0119pnie inkubowano i dokonywano odczytu.<\/p>\n                        <button class=\"cta bg-yellow\">\n                            <p><a href=\"https:\/\/tkm.sowiak.dev\/kontakt\/\">Zapytaj o szczeg\u00f3\u0142y<\/a><\/p>\n                        <\/button>\n                    <\/div>\n                <\/div>\n            <\/div>\n        <\/div>\n    <\/div>\n<\/div>\n\n<div class=\"contact-block bg-yellow\">\n    <div class=\"max-width\">\n        <div class=\"container-xl container-wrapper\">\n            <div class=\"row design\">\n                <div class=\"col-md-6 wrapper padding-right\">\n                <div class=\"block\">\n                    <div class=\"text\">\n                        <div class=\"h1\">\n                        <h2>SKONTAKTUJ SI\u0118<\/h2>\n<p>Je\u015bli potrzebujesz pomocy lub chcesz dowiedzie\u0107 si\u0119 wi\u0119cej o rozwi\u0105zaniach TKM, skontaktuj si\u0119 z nami.<br \/>\nZ przyjemno\u015bci\u0105 odpowiemy na Twoje pytania.<\/p>\n                        <\/div>\n                    <\/div>\n                <\/div>\n                <\/div>\n                <div class=\"col-md-4 wrapper padding-left\">\n                    <div class=\"button\">\n                        <button class=\"cta bg-yellow border-grey\">\n                            <p><a href=\"https:\/\/tkm.sowiak.dev\/kontakt\/\">Napisz do nas<\/a><\/p>\n                        <\/button>\n                    <\/div>\n                <\/div>\n            <\/div>\n        <\/div>\n    <\/div>\n<\/div>\n\n\n\n\n<div class=\"text-image bg-white\">\n    <div class=\"max-width\">\n        <div class=\"container-xl container-wrapper\">\n            <div class=\"row design\">\n                <div class=\"col-md-5 wrapper text-position\">   \n                    <div class=\"block-1\">\n                        <div class=\"header\">\n                            <p>Wierzymy, \u017ce gotowo\u015b\u0107 na zmiany i trudne czasy jest kluczowa, je\u015bli bezpiecze\u0144stwo pacjent\u00f3w i personelu medycznego to priorytet.<\/p>\n<p>Przewidzenie momentu wyst\u0105pienia trudnej sytuacji stanowi wyzwanie, jednak mo\u017cemy skutecznie przygotowa\u0107 si\u0119 do niej, umo\u017cliwiaj\u0105c szybk\u0105 i skuteczn\u0105 reakcj\u0119 w razie konieczno\u015bci.<\/p>\n<p>Tutaj kluczowa jest gotowo\u015b\u0107, kt\u00f3r\u0105 rozumiemy jako mobilno\u015b\u0107, szybko\u015b\u0107, u\u017cyteczno\u015b\u0107 i skuteczno\u015b\u0107 rozwi\u0105zania. Dob\u00f3r najlepszych materia\u0142\u00f3w i komponent\u00f3w sprawia, \u017ce przechowywanie, przenoszenie i rozk\u0142adanie \u015bciany jest szybkie, skuteczne i gotowe do pracy.<\/p>\n                        <\/div>\n                    <\/div>\n                <\/div>\n                <div class=\"col-md-6 wrapper margin-left\">\n                    <div class=\"image\">\n                        <img decoding=\"async\" src=\"https:\/\/tkm-mobilna-sluza.sowiak.dev\/wp-content\/uploads\/2024\/01\/Rectangle-2042.png\" \/>\n                    <\/div>\n                <\/div>\n            <\/div>\n        <\/div>\n    <\/div>\n<\/div>\n\n\n\n<div class=\"partners bg-shadow\">\n    <div class=\"max-width\">\n        <div class=\"container-xl container-wrapper\">\n            <div class=\"row design\">\n                <div class=\"col-md-6 wrapper padding-right\">   \n                    <div class=\"text-left\">\n                        <h2>PARTNERZY<\/h2>\n                    <\/div>\n                <\/div>\n                <div class=\"col-md-6 wrapper margin-left\">\n                    <div class=\"block-wrapper\">\n                                                                                    <div class=\"block\">\n                                    <img decoding=\"async\" src=\"https:\/\/tkm-mobilna-sluza.sowiak.dev\/wp-content\/uploads\/2024\/01\/logo-pwr-pion-1.png\" \/>\n                                <\/div>\n                                                                        <\/div>\n                <\/div>\n            <\/div>\n        <\/div>\n    <\/div>\n<\/div>","protected":false},"excerpt":{"rendered":"","protected":false},"author":1,"featured_media":0,"parent":0,"menu_order":0,"comment_status":"closed","ping_status":"closed","template":"","meta":{"inline_featured_image":false,"footnotes":""},"class_list":["post-8","page","type-page","status-publish","hentry"],"acf":[],"yoast_head":"<!-- This site is optimized with the Yoast SEO plugin v21.7 - https:\/\/yoast.com\/wordpress\/plugins\/seo\/ -->\n<title>Strona g\u0142\u00f3wna - Site Title<\/title>\n<meta name=\"robots\" content=\"index, follow, max-snippet:-1, max-image-preview:large, max-video-preview:-1\" \/>\n<link rel=\"canonical\" href=\"https:\/\/tkm-mobilna-sluza.sowiak.dev\/\" \/>\n<meta property=\"og:locale\" content=\"en_US\" \/>\n<meta property=\"og:type\" content=\"article\" \/>\n<meta property=\"og:title\" content=\"Strona g\u0142\u00f3wna - Site Title\" \/>\n<meta property=\"og:url\" content=\"https:\/\/tkm-mobilna-sluza.sowiak.dev\/\" \/>\n<meta property=\"og:site_name\" content=\"Site Title\" \/>\n<meta property=\"article:modified_time\" content=\"2024-01-08T17:07:11+00:00\" \/>\n<meta name=\"twitter:card\" content=\"summary_large_image\" \/>\n<script type=\"application\/ld+json\" class=\"yoast-schema-graph\">{\"@context\":\"https:\/\/schema.org\",\"@graph\":[{\"@type\":\"WebPage\",\"@id\":\"https:\/\/tkm-mobilna-sluza.sowiak.dev\/\",\"url\":\"https:\/\/tkm-mobilna-sluza.sowiak.dev\/\",\"name\":\"Strona g\u0142\u00f3wna - Site Title\",\"isPartOf\":{\"@id\":\"https:\/\/tkm-mobilna-sluza.sowiak.dev\/#website\"},\"datePublished\":\"2024-01-03T20:50:36+00:00\",\"dateModified\":\"2024-01-08T17:07:11+00:00\",\"breadcrumb\":{\"@id\":\"https:\/\/tkm-mobilna-sluza.sowiak.dev\/#breadcrumb\"},\"inLanguage\":\"en-US\",\"potentialAction\":[{\"@type\":\"ReadAction\",\"target\":[\"https:\/\/tkm-mobilna-sluza.sowiak.dev\/\"]}]},{\"@type\":\"BreadcrumbList\",\"@id\":\"https:\/\/tkm-mobilna-sluza.sowiak.dev\/#breadcrumb\",\"itemListElement\":[{\"@type\":\"ListItem\",\"position\":1,\"name\":\"Strona g\u0142\u00f3wna\",\"item\":\"https:\/\/tkm-mobilna-sluza.sowiak.dev\/\"},{\"@type\":\"ListItem\",\"position\":2,\"name\":\"Strona g\u0142\u00f3wna\"}]},{\"@type\":\"WebSite\",\"@id\":\"https:\/\/tkm-mobilna-sluza.sowiak.dev\/#website\",\"url\":\"https:\/\/tkm-mobilna-sluza.sowiak.dev\/\",\"name\":\"Site Title\",\"description\":\"\",\"potentialAction\":[{\"@type\":\"SearchAction\",\"target\":{\"@type\":\"EntryPoint\",\"urlTemplate\":\"https:\/\/tkm-mobilna-sluza.sowiak.dev\/?s={search_term_string}\"},\"query-input\":\"required name=search_term_string\"}],\"inLanguage\":\"en-US\"}]}<\/script>\n<!-- \/ Yoast SEO plugin. -->","yoast_head_json":{"title":"Strona g\u0142\u00f3wna - Site Title","robots":{"index":"index","follow":"follow","max-snippet":"max-snippet:-1","max-image-preview":"max-image-preview:large","max-video-preview":"max-video-preview:-1"},"canonical":"https:\/\/tkm-mobilna-sluza.sowiak.dev\/","og_locale":"en_US","og_type":"article","og_title":"Strona g\u0142\u00f3wna - Site Title","og_url":"https:\/\/tkm-mobilna-sluza.sowiak.dev\/","og_site_name":"Site Title","article_modified_time":"2024-01-08T17:07:11+00:00","twitter_card":"summary_large_image","schema":{"@context":"https:\/\/schema.org","@graph":[{"@type":"WebPage","@id":"https:\/\/tkm-mobilna-sluza.sowiak.dev\/","url":"https:\/\/tkm-mobilna-sluza.sowiak.dev\/","name":"Strona g\u0142\u00f3wna - Site Title","isPartOf":{"@id":"https:\/\/tkm-mobilna-sluza.sowiak.dev\/#website"},"datePublished":"2024-01-03T20:50:36+00:00","dateModified":"2024-01-08T17:07:11+00:00","breadcrumb":{"@id":"https:\/\/tkm-mobilna-sluza.sowiak.dev\/#breadcrumb"},"inLanguage":"en-US","potentialAction":[{"@type":"ReadAction","target":["https:\/\/tkm-mobilna-sluza.sowiak.dev\/"]}]},{"@type":"BreadcrumbList","@id":"https:\/\/tkm-mobilna-sluza.sowiak.dev\/#breadcrumb","itemListElement":[{"@type":"ListItem","position":1,"name":"Strona g\u0142\u00f3wna","item":"https:\/\/tkm-mobilna-sluza.sowiak.dev\/"},{"@type":"ListItem","position":2,"name":"Strona g\u0142\u00f3wna"}]},{"@type":"WebSite","@id":"https:\/\/tkm-mobilna-sluza.sowiak.dev\/#website","url":"https:\/\/tkm-mobilna-sluza.sowiak.dev\/","name":"Site Title","description":"","potentialAction":[{"@type":"SearchAction","target":{"@type":"EntryPoint","urlTemplate":"https:\/\/tkm-mobilna-sluza.sowiak.dev\/?s={search_term_string}"},"query-input":"required name=search_term_string"}],"inLanguage":"en-US"}]}},"lang":false,"translations":[],"_links":{"self":[{"href":"https:\/\/tkm-mobilna-sluza.sowiak.dev\/index.php?rest_route=\/wp\/v2\/pages\/8","targetHints":{"allow":["GET"]}}],"collection":[{"href":"https:\/\/tkm-mobilna-sluza.sowiak.dev\/index.php?rest_route=\/wp\/v2\/pages"}],"about":[{"href":"https:\/\/tkm-mobilna-sluza.sowiak.dev\/index.php?rest_route=\/wp\/v2\/types\/page"}],"author":[{"embeddable":true,"href":"https:\/\/tkm-mobilna-sluza.sowiak.dev\/index.php?rest_route=\/wp\/v2\/users\/1"}],"replies":[{"embeddable":true,"href":"https:\/\/tkm-mobilna-sluza.sowiak.dev\/index.php?rest_route=%2Fwp%2Fv2%2Fcomments&post=8"}],"version-history":[{"count":5,"href":"https:\/\/tkm-mobilna-sluza.sowiak.dev\/index.php?rest_route=\/wp\/v2\/pages\/8\/revisions"}],"predecessor-version":[{"id":160,"href":"https:\/\/tkm-mobilna-sluza.sowiak.dev\/index.php?rest_route=\/wp\/v2\/pages\/8\/revisions\/160"}],"wp:attachment":[{"href":"https:\/\/tkm-mobilna-sluza.sowiak.dev\/index.php?rest_route=%2Fwp%2Fv2%2Fmedia&parent=8"}],"curies":[{"name":"wp","href":"https:\/\/api.w.org\/{rel}","templated":true}]}}